{"id":206,"date":"2016-10-13T15:51:08","date_gmt":"2016-10-13T15:51:08","guid":{"rendered":"https:\/\/demo.wolfthemes.com\/veggiepress\/?page_id=7"},"modified":"2020-11-03T20:18:05","modified_gmt":"2020-11-03T19:18:05","slug":"about","status":"publish","type":"page","link":"https:\/\/www.omongateau.fr\/index.php\/about\/","title":{"rendered":"\u00c0 propos"},"content":{"rendered":"<p><img loading=\"lazy\" class=\"wp-image-980 size-full alignright\" src=\"http:\/\/omongategj.cluster026.hosting.ovh.net\/omg\/wp-content\/uploads\/2018\/03\/Portrait.jpg\" alt=\"\" width=\"640\" height=\"960\" \/><\/p>\n","protected":false},"excerpt":{"rendered":"","protected":false},"author":1,"featured_media":0,"parent":0,"menu_order":0,"comment_status":"closed","ping_status":"closed","template":"page-templates\/page-sidebar-right.php","meta":{"_mi_skip_tracking":false},"yoast_head":"<!-- This site is optimized with the Yoast SEO plugin v15.5 - https:\/\/yoast.com\/wordpress\/plugins\/seo\/ -->\n<title>\u00c0 propos - \u00d4 mon G\u00e2teau - D\u00e9couvrez mon parcours...<\/title>\n<meta name=\"description\" content=\"Vous allez en apprendre sur mon parcours, ma fa\u00e7on de voir la p\u00e2tisserie, mes influences. Que fais-je dans la vie ? Comment tout \u00e0 commenc\u00e9 ? Je vous dis tout !\" \/>\n<meta name=\"robots\" content=\"index, follow, max-snippet:-1, max-image-preview:large, max-video-preview:-1\" \/>\n<link rel=\"canonical\" href=\"https:\/\/www.omongateau.fr\/index.php\/about\/\" \/>\n<meta property=\"og:locale\" content=\"fr_FR\" \/>\n<meta property=\"og:type\" content=\"article\" \/>\n<meta property=\"og:title\" content=\"\u00c0 propos - \u00d4 mon G\u00e2teau - D\u00e9couvrez mon parcours...\" \/>\n<meta property=\"og:description\" content=\"Vous allez en apprendre sur mon parcours, ma fa\u00e7on de voir la p\u00e2tisserie, mes influences. Que fais-je dans la vie ? Comment tout \u00e0 commenc\u00e9 ? Je vous dis tout !\" \/>\n<meta property=\"og:url\" content=\"https:\/\/www.omongateau.fr\/index.php\/about\/\" \/>\n<meta property=\"og:site_name\" content=\"\u00d4 mon G\u00e2teau\" \/>\n<meta property=\"article:modified_time\" content=\"2020-11-03T19:18:05+00:00\" \/>\n<meta property=\"og:image\" content=\"http:\/\/omongategj.cluster026.hosting.ovh.net\/omg\/wp-content\/uploads\/2018\/03\/Portrait.jpg\" \/>\n<meta name=\"twitter:card\" content=\"summary_large_image\" \/>\n<meta name=\"twitter:label1\" content=\"Dur\u00e9e de lecture est.\">\n\t<meta name=\"twitter:data1\" content=\"0 minute\">\n<script type=\"application\/ld+json\" class=\"yoast-schema-graph\">{\"@context\":\"https:\/\/schema.org\",\"@graph\":[{\"@type\":[\"Person\",\"Organization\"],\"@id\":\"https:\/\/www.omongateau.fr\/#\/schema\/person\/f4bcddbd180028225e24bc6f070a2a3c\",\"name\":\"Cl\\u00e9ment Lhoumeau\",\"image\":{\"@type\":\"ImageObject\",\"@id\":\"https:\/\/www.omongateau.fr\/#personlogo\",\"inLanguage\":\"fr-FR\",\"url\":\"https:\/\/www.omongateau.fr\/wp-content\/uploads\/2018\/04\/Cl\\u00e9ment-Co0995-HD2.jpg\",\"width\":2000,\"height\":1600,\"caption\":\"Cl\\u00e9ment Lhoumeau\"},\"logo\":{\"@id\":\"https:\/\/www.omongateau.fr\/#personlogo\"}},{\"@type\":\"WebSite\",\"@id\":\"https:\/\/www.omongateau.fr\/#website\",\"url\":\"https:\/\/www.omongateau.fr\/\",\"name\":\"\\u00d4 mon G\\u00e2teau\",\"description\":\"P\\u00e2tisseries fa\\u00eetes avec passion\",\"publisher\":{\"@id\":\"https:\/\/www.omongateau.fr\/#\/schema\/person\/f4bcddbd180028225e24bc6f070a2a3c\"},\"potentialAction\":[{\"@type\":\"SearchAction\",\"target\":\"https:\/\/www.omongateau.fr\/?s={search_term_string}\",\"query-input\":\"required name=search_term_string\"}],\"inLanguage\":\"fr-FR\"},{\"@type\":\"ImageObject\",\"@id\":\"https:\/\/www.omongateau.fr\/index.php\/about\/#primaryimage\",\"inLanguage\":\"fr-FR\",\"url\":\"http:\/\/omongategj.cluster026.hosting.ovh.net\/omg\/wp-content\/uploads\/2018\/03\/Portrait.jpg\"},{\"@type\":\"WebPage\",\"@id\":\"https:\/\/www.omongateau.fr\/index.php\/about\/#webpage\",\"url\":\"https:\/\/www.omongateau.fr\/index.php\/about\/\",\"name\":\"\\u00c0 propos - \\u00d4 mon G\\u00e2teau - D\\u00e9couvrez mon parcours...\",\"isPartOf\":{\"@id\":\"https:\/\/www.omongateau.fr\/#website\"},\"primaryImageOfPage\":{\"@id\":\"https:\/\/www.omongateau.fr\/index.php\/about\/#primaryimage\"},\"datePublished\":\"2016-10-13T15:51:08+00:00\",\"dateModified\":\"2020-11-03T19:18:05+00:00\",\"description\":\"Vous allez en apprendre sur mon parcours, ma fa\\u00e7on de voir la p\\u00e2tisserie, mes influences. Que fais-je dans la vie ? Comment tout \\u00e0 commenc\\u00e9 ? Je vous dis tout !\",\"inLanguage\":\"fr-FR\",\"potentialAction\":[{\"@type\":\"ReadAction\",\"target\":[\"https:\/\/www.omongateau.fr\/index.php\/about\/\"]}]}]}<\/script>\n<!-- \/ Yoast SEO plugin. -->","_links":{"self":[{"href":"https:\/\/www.omongateau.fr\/index.php\/wp-json\/wp\/v2\/pages\/206"}],"collection":[{"href":"https:\/\/www.omongateau.fr\/index.php\/wp-json\/wp\/v2\/pages"}],"about":[{"href":"https:\/\/www.omongateau.fr\/index.php\/wp-json\/wp\/v2\/types\/page"}],"author":[{"embeddable":true,"href":"https:\/\/www.omongateau.fr\/index.php\/wp-json\/wp\/v2\/users\/1"}],"replies":[{"embeddable":true,"href":"https:\/\/www.omongateau.fr\/index.php\/wp-json\/wp\/v2\/comments?post=206"}],"version-history":[{"count":6,"href":"https:\/\/www.omongateau.fr\/index.php\/wp-json\/wp\/v2\/pages\/206\/revisions"}],"predecessor-version":[{"id":989,"href":"https:\/\/www.omongateau.fr\/index.php\/wp-json\/wp\/v2\/pages\/206\/revisions\/989"}],"wp:attachment":[{"href":"https:\/\/www.omongateau.fr\/index.php\/wp-json\/wp\/v2\/media?parent=206"}],"curies":[{"name":"wp","href":"https:\/\/api.w.org\/{rel}","templated":true}]}}