{"id":204,"date":"2016-10-13T13:11:41","date_gmt":"2016-10-13T13:11:41","guid":{"rendered":"https:\/\/demo.wolfthemes.com\/veggiepress\/?page_id=2"},"modified":"2022-08-29T14:47:54","modified_gmt":"2022-08-29T12:47:54","slug":"accueil","status":"publish","type":"page","link":"https:\/\/www.omongateau.fr\/","title":{"rendered":"Accueil"},"content":{"rendered":"","protected":false},"excerpt":{"rendered":"","protected":false},"author":1,"featured_media":0,"parent":0,"menu_order":0,"comment_status":"closed","ping_status":"closed","template":"page-templates\/full-width.php","meta":{"_mi_skip_tracking":false},"yoast_head":"<!-- This site is optimized with the Yoast SEO plugin v15.5 - https:\/\/yoast.com\/wordpress\/plugins\/seo\/ -->\n<title>\u00d4 mon G\u00e2teau - Blog P\u00e2tisserie - Cl\u00e9ment, candidat Le Meilleur P\u00e2tissier 6<\/title>\n<meta name=\"description\" content=\"\u00d4 mon g\u00e2teau est un blog que j&#039;ai cr\u00e9\u00e9 en tant que passionn\u00e9 de p\u00e2tisserie depuis 2016. Vous y trouverez des reproductions de Chefs, des recettes, mais aussi des articles sur diverses exp\u00e9riences sur ce monde sucr\u00e9\" \/>\n<meta name=\"robots\" content=\"index, follow, max-snippet:-1, max-image-preview:large, max-video-preview:-1\" \/>\n<link rel=\"canonical\" href=\"https:\/\/www.omongateau.fr\/\" \/>\n<meta property=\"og:locale\" content=\"fr_FR\" \/>\n<meta property=\"og:type\" content=\"article\" \/>\n<meta property=\"og:title\" content=\"\u00d4 mon G\u00e2teau - Blog P\u00e2tisserie - Cl\u00e9ment, candidat Le Meilleur P\u00e2tissier 6\" \/>\n<meta property=\"og:description\" content=\"\u00d4 mon g\u00e2teau est un blog que j&#039;ai cr\u00e9\u00e9 en tant que passionn\u00e9 de p\u00e2tisserie depuis 2016. Vous y trouverez des reproductions de Chefs, des recettes, mais aussi des articles sur diverses exp\u00e9riences sur ce monde sucr\u00e9\" \/>\n<meta property=\"og:url\" content=\"https:\/\/www.omongateau.fr\/\" \/>\n<meta property=\"og:site_name\" content=\"\u00d4 mon G\u00e2teau\" \/>\n<meta property=\"article:modified_time\" content=\"2022-08-29T12:47:54+00:00\" \/>\n<meta name=\"twitter:card\" content=\"summary_large_image\" \/>\n<script type=\"application\/ld+json\" class=\"yoast-schema-graph\">{\"@context\":\"https:\/\/schema.org\",\"@graph\":[{\"@type\":[\"Person\",\"Organization\"],\"@id\":\"https:\/\/www.omongateau.fr\/#\/schema\/person\/f4bcddbd180028225e24bc6f070a2a3c\",\"name\":\"Cl\\u00e9ment Lhoumeau\",\"image\":{\"@type\":\"ImageObject\",\"@id\":\"https:\/\/www.omongateau.fr\/#personlogo\",\"inLanguage\":\"fr-FR\",\"url\":\"https:\/\/www.omongateau.fr\/wp-content\/uploads\/2018\/04\/Cl\\u00e9ment-Co0995-HD2.jpg\",\"width\":2000,\"height\":1600,\"caption\":\"Cl\\u00e9ment Lhoumeau\"},\"logo\":{\"@id\":\"https:\/\/www.omongateau.fr\/#personlogo\"}},{\"@type\":\"WebSite\",\"@id\":\"https:\/\/www.omongateau.fr\/#website\",\"url\":\"https:\/\/www.omongateau.fr\/\",\"name\":\"\\u00d4 mon G\\u00e2teau\",\"description\":\"P\\u00e2tisseries fa\\u00eetes avec passion\",\"publisher\":{\"@id\":\"https:\/\/www.omongateau.fr\/#\/schema\/person\/f4bcddbd180028225e24bc6f070a2a3c\"},\"potentialAction\":[{\"@type\":\"SearchAction\",\"target\":\"https:\/\/www.omongateau.fr\/?s={search_term_string}\",\"query-input\":\"required name=search_term_string\"}],\"inLanguage\":\"fr-FR\"},{\"@type\":\"WebPage\",\"@id\":\"https:\/\/www.omongateau.fr\/#webpage\",\"url\":\"https:\/\/www.omongateau.fr\/\",\"name\":\"\\u00d4 mon G\\u00e2teau - Blog P\\u00e2tisserie - Cl\\u00e9ment, candidat Le Meilleur P\\u00e2tissier 6\",\"isPartOf\":{\"@id\":\"https:\/\/www.omongateau.fr\/#website\"},\"datePublished\":\"2016-10-13T13:11:41+00:00\",\"dateModified\":\"2022-08-29T12:47:54+00:00\",\"description\":\"\\u00d4 mon g\\u00e2teau est un blog que j'ai cr\\u00e9\\u00e9 en tant que passionn\\u00e9 de p\\u00e2tisserie depuis 2016. Vous y trouverez des reproductions de Chefs, des recettes, mais aussi des articles sur diverses exp\\u00e9riences sur ce monde sucr\\u00e9\",\"inLanguage\":\"fr-FR\",\"potentialAction\":[{\"@type\":\"ReadAction\",\"target\":[\"https:\/\/www.omongateau.fr\/\"]}]}]}<\/script>\n<!-- \/ Yoast SEO plugin. -->","_links":{"self":[{"href":"https:\/\/www.omongateau.fr\/index.php\/wp-json\/wp\/v2\/pages\/204"}],"collection":[{"href":"https:\/\/www.omongateau.fr\/index.php\/wp-json\/wp\/v2\/pages"}],"about":[{"href":"https:\/\/www.omongateau.fr\/index.php\/wp-json\/wp\/v2\/types\/page"}],"author":[{"embeddable":true,"href":"https:\/\/www.omongateau.fr\/index.php\/wp-json\/wp\/v2\/users\/1"}],"replies":[{"embeddable":true,"href":"https:\/\/www.omongateau.fr\/index.php\/wp-json\/wp\/v2\/comments?post=204"}],"version-history":[{"count":1,"href":"https:\/\/www.omongateau.fr\/index.php\/wp-json\/wp\/v2\/pages\/204\/revisions"}],"predecessor-version":[{"id":718,"href":"https:\/\/www.omongateau.fr\/index.php\/wp-json\/wp\/v2\/pages\/204\/revisions\/718"}],"wp:attachment":[{"href":"https:\/\/www.omongateau.fr\/index.php\/wp-json\/wp\/v2\/media?parent=204"}],"curies":[{"name":"wp","href":"https:\/\/api.w.org\/{rel}","templated":true}]}}